{"id":154,"date":"2023-09-15T03:18:09","date_gmt":"2023-09-15T01:18:09","guid":{"rendered":"https:\/\/zehfys.com\/?page_id=154"},"modified":"2026-02-24T15:32:38","modified_gmt":"2026-02-24T14:32:38","slug":"contacto","status":"publish","type":"page","link":"https:\/\/zehfys.com\/index.php\/contacto\/","title":{"rendered":"Contacto"},"content":{"rendered":"<p>[et_pb_section fb_built=\u00bb1&#8243; _builder_version=\u00bb4.22.1&#8243; _module_preset=\u00bbdefault\u00bb background_color=\u00bb#b8a49b\u00bb background_image=\u00bbhttps:\/\/zehfys.com\/wp-content\/uploads\/2023\/08\/z-Mancha-1.png\u00bb background_blend=\u00bbcolor\u00bb global_colors_info=\u00bb{}\u00bb][et_pb_row _builder_version=\u00bb4.22.1&#8243; _module_preset=\u00bbdefault\u00bb global_colors_info=\u00bb{}\u00bb][et_pb_column type=\u00bb4_4&#8243; _builder_version=\u00bb4.22.1&#8243; _module_preset=\u00bbdefault\u00bb global_colors_info=\u00bb{}\u00bb][et_pb_text _builder_version=\u00bb4.22.1&#8243; _module_preset=\u00bbdefault\u00bb text_font=\u00bbOswald||||||||\u00bb text_text_color=\u00bb#000000&#8243; text_font_size=\u00bb71px\u00bb global_colors_info=\u00bb{}\u00bb]<\/p>\n<p>Hablemos<\/p>\n<p>[\/et_pb_text][\/et_pb_column][\/et_pb_row][et_pb_row _builder_version=\u00bb4.22.1&#8243; _module_preset=\u00bbdefault\u00bb global_colors_info=\u00bb{}\u00bb][et_pb_column type=\u00bb4_4&#8243; _builder_version=\u00bb4.22.1&#8243; _module_preset=\u00bbdefault\u00bb global_colors_info=\u00bb{}\u00bb][et_pb_text _builder_version=\u00bb4.22.1&#8243; _module_preset=\u00bbdefault\u00bb text_font=\u00bbHeebo||||||||\u00bb text_font_size=\u00bb21px\u00bb text_line_height=\u00bb1.3em\u00bb global_colors_info=\u00bb{}\u00bb]<\/p>\n<p>&nbsp;<\/p>\n<p>Queremos escuchar para ofrecerte un servicio personalizado y dedicado. Sabemos c\u00f3mo podemos ayudarte a ampliar tus perspectivas, cristalizar los objetivos y ofrecerte nuestra interpretaci\u00f3n estrat\u00e9gica para trazar el plan a seguir para logar los objetivos.<\/p>\n<p>[\/et_pb_text][\/et_pb_column][\/et_pb_row][et_pb_row _builder_version=\u00bb4.22.1&#8243; _module_preset=\u00bbdefault\u00bb global_colors_info=\u00bb{}\u00bb][et_pb_column type=\u00bb4_4&#8243; _builder_version=\u00bb4.22.1&#8243; _module_preset=\u00bbdefault\u00bb global_colors_info=\u00bb{}\u00bb][et_pb_contact_form _builder_version=\u00bb4.27.4&#8243; _module_preset=\u00bbdefault\u00bb _unique_id=\u00bbdc6e07a1-e052-4a06-8d41-26576e5f48c4&#8243; hover_enabled=\u00bb0&#8243; global_colors_info=\u00bb{}\u00bb custom_button=\u00bbon\u00bb button_text_color=\u00bb#FFFFFF\u00bb button_bg_color=\u00bb#E06100&#8243; button_bg_enable_color=\u00bbon\u00bb button_border_radius=\u00bb43px\u00bb button_icon=\u00bb&#x3d;||divi||400&#8243; button_icon_color=\u00bb#FFFFFF\u00bb button_border_width=\u00bb0px\u00bb sticky_enabled=\u00bb0&#8243;][et_pb_contact_field field_id=\u00bbName\u00bb field_title=\u00bbNombre\u00bb _builder_version=\u00bb4.22.1&#8243; global_colors_info=\u00bb{}\u00bb button_text_size__hover_enabled=\u00bboff\u00bb button_one_text_size__hover_enabled=\u00bboff\u00bb button_two_text_size__hover_enabled=\u00bboff\u00bb button_text_color__hover_enabled=\u00bboff\u00bb button_one_text_color__hover_enabled=\u00bboff\u00bb button_two_text_color__hover_enabled=\u00bboff\u00bb button_border_width__hover_enabled=\u00bboff\u00bb button_one_border_width__hover_enabled=\u00bboff\u00bb button_two_border_width__hover_enabled=\u00bboff\u00bb button_border_color__hover_enabled=\u00bboff\u00bb button_one_border_color__hover_enabled=\u00bboff\u00bb button_two_border_color__hover_enabled=\u00bboff\u00bb button_border_radius__hover_enabled=\u00bboff\u00bb button_one_border_radius__hover_enabled=\u00bboff\u00bb button_two_border_radius__hover_enabled=\u00bboff\u00bb button_letter_spacing__hover_enabled=\u00bboff\u00bb button_one_letter_spacing__hover_enabled=\u00bboff\u00bb button_two_letter_spacing__hover_enabled=\u00bboff\u00bb button_bg_color__hover_enabled=\u00bboff\u00bb button_one_bg_color__hover_enabled=\u00bboff\u00bb button_two_bg_color__hover_enabled=\u00bboff\u00bb][\/et_pb_contact_field][et_pb_contact_field field_id=\u00bbEmail\u00bb field_title=\u00bbDirecci\u00f3n de correo electr\u00f3nico\u00bb field_type=\u00bbemail\u00bb _builder_version=\u00bb4.16&#8243; global_colors_info=\u00bb{}\u00bb button_text_size__hover_enabled=\u00bboff\u00bb button_one_text_size__hover_enabled=\u00bboff\u00bb button_two_text_size__hover_enabled=\u00bboff\u00bb button_text_color__hover_enabled=\u00bboff\u00bb button_one_text_color__hover_enabled=\u00bboff\u00bb button_two_text_color__hover_enabled=\u00bboff\u00bb button_border_width__hover_enabled=\u00bboff\u00bb button_one_border_width__hover_enabled=\u00bboff\u00bb button_two_border_width__hover_enabled=\u00bboff\u00bb button_border_color__hover_enabled=\u00bboff\u00bb button_one_border_color__hover_enabled=\u00bboff\u00bb button_two_border_color__hover_enabled=\u00bboff\u00bb button_border_radius__hover_enabled=\u00bboff\u00bb button_one_border_radius__hover_enabled=\u00bboff\u00bb button_two_border_radius__hover_enabled=\u00bboff\u00bb button_letter_spacing__hover_enabled=\u00bboff\u00bb button_one_letter_spacing__hover_enabled=\u00bboff\u00bb button_two_letter_spacing__hover_enabled=\u00bboff\u00bb button_bg_color__hover_enabled=\u00bboff\u00bb button_one_bg_color__hover_enabled=\u00bboff\u00bb button_two_bg_color__hover_enabled=\u00bboff\u00bb][\/et_pb_contact_field][et_pb_contact_field field_id=\u00bbMessage\u00bb field_title=\u00bbMensaje\u00bb field_type=\u00bbtext\u00bb fullwidth_field=\u00bbon\u00bb _builder_version=\u00bb4.16&#8243; global_colors_info=\u00bb{}\u00bb button_text_size__hover_enabled=\u00bboff\u00bb button_one_text_size__hover_enabled=\u00bboff\u00bb button_two_text_size__hover_enabled=\u00bboff\u00bb button_text_color__hover_enabled=\u00bboff\u00bb button_one_text_color__hover_enabled=\u00bboff\u00bb button_two_text_color__hover_enabled=\u00bboff\u00bb button_border_width__hover_enabled=\u00bboff\u00bb button_one_border_width__hover_enabled=\u00bboff\u00bb button_two_border_width__hover_enabled=\u00bboff\u00bb button_border_color__hover_enabled=\u00bboff\u00bb button_one_border_color__hover_enabled=\u00bboff\u00bb button_two_border_color__hover_enabled=\u00bboff\u00bb button_border_radius__hover_enabled=\u00bboff\u00bb button_one_border_radius__hover_enabled=\u00bboff\u00bb button_two_border_radius__hover_enabled=\u00bboff\u00bb button_letter_spacing__hover_enabled=\u00bboff\u00bb button_one_letter_spacing__hover_enabled=\u00bboff\u00bb button_two_letter_spacing__hover_enabled=\u00bboff\u00bb button_bg_color__hover_enabled=\u00bboff\u00bb button_one_bg_color__hover_enabled=\u00bboff\u00bb button_two_bg_color__hover_enabled=\u00bboff\u00bb][\/et_pb_contact_field][\/et_pb_contact_form][\/et_pb_column][\/et_pb_row][\/et_pb_section]<\/p>\n","protected":false},"excerpt":{"rendered":"<p>Hablemos&nbsp; Queremos escuchar para ofrecerte un servicio personalizado y dedicado. Sabemos c\u00f3mo podemos ayudarte a ampliar tus perspectivas, cristalizar los objetivos y ofrecerte nuestra interpretaci\u00f3n estrat\u00e9gica para trazar el plan a seguir para logar los objetivos.<\/p>\n","protected":false},"author":1,"featured_media":0,"parent":0,"menu_order":0,"comment_status":"closed","ping_status":"closed","template":"","meta":{"_et_pb_use_builder":"on","_et_pb_old_content":"","_et_gb_content_width":"","footnotes":""},"class_list":["post-154","page","type-page","status-publish","hentry"],"yoast_head":"<!-- This site is optimized with the Yoast SEO plugin v27.4 - https:\/\/yoast.com\/product\/yoast-seo-wordpress\/ -->\n<title>Contacto | zehfys.com<\/title>\n<meta name=\"robots\" content=\"index, follow, max-snippet:-1, max-image-preview:large, max-video-preview:-1\" \/>\n<link rel=\"canonical\" href=\"https:\/\/zehfys.com\/index.php\/contacto\/\" \/>\n<meta property=\"og:locale\" content=\"es_ES\" \/>\n<meta property=\"og:type\" content=\"article\" \/>\n<meta property=\"og:title\" content=\"Contacto | zehfys.com\" \/>\n<meta property=\"og:description\" content=\"Hablemos&nbsp; Queremos escuchar para ofrecerte un servicio personalizado y dedicado. Sabemos c\u00f3mo podemos ayudarte a ampliar tus perspectivas, cristalizar los objetivos y ofrecerte nuestra interpretaci\u00f3n estrat\u00e9gica para trazar el plan a seguir para logar los objetivos.\" \/>\n<meta property=\"og:url\" content=\"https:\/\/zehfys.com\/index.php\/contacto\/\" \/>\n<meta property=\"og:site_name\" content=\"zehfys.com\" \/>\n<meta property=\"article:modified_time\" content=\"2026-02-24T14:32:38+00:00\" \/>\n<meta name=\"twitter:card\" content=\"summary_large_image\" \/>\n<script type=\"application\/ld+json\" class=\"yoast-schema-graph\">{\"@context\":\"https:\\\/\\\/schema.org\",\"@graph\":[{\"@type\":\"WebPage\",\"@id\":\"https:\\\/\\\/zehfys.com\\\/index.php\\\/contacto\\\/\",\"url\":\"https:\\\/\\\/zehfys.com\\\/index.php\\\/contacto\\\/\",\"name\":\"Contacto | zehfys.com\",\"isPartOf\":{\"@id\":\"https:\\\/\\\/zehfys.com\\\/#website\"},\"datePublished\":\"2023-09-15T01:18:09+00:00\",\"dateModified\":\"2026-02-24T14:32:38+00:00\",\"breadcrumb\":{\"@id\":\"https:\\\/\\\/zehfys.com\\\/index.php\\\/contacto\\\/#breadcrumb\"},\"inLanguage\":\"es\",\"potentialAction\":[{\"@type\":\"ReadAction\",\"target\":[\"https:\\\/\\\/zehfys.com\\\/index.php\\\/contacto\\\/\"]}]},{\"@type\":\"BreadcrumbList\",\"@id\":\"https:\\\/\\\/zehfys.com\\\/index.php\\\/contacto\\\/#breadcrumb\",\"itemListElement\":[{\"@type\":\"ListItem\",\"position\":1,\"name\":\"Portada\",\"item\":\"https:\\\/\\\/zehfys.com\\\/\"},{\"@type\":\"ListItem\",\"position\":2,\"name\":\"Contacto\"}]},{\"@type\":\"WebSite\",\"@id\":\"https:\\\/\\\/zehfys.com\\\/#website\",\"url\":\"https:\\\/\\\/zehfys.com\\\/\",\"name\":\"zehfys.com\",\"description\":\"Transformamos negocios a las plataformas digitales\",\"publisher\":{\"@id\":\"https:\\\/\\\/zehfys.com\\\/#organization\"},\"alternateName\":\"Negocios y marketing digital\",\"potentialAction\":[{\"@type\":\"SearchAction\",\"target\":{\"@type\":\"EntryPoint\",\"urlTemplate\":\"https:\\\/\\\/zehfys.com\\\/?s={search_term_string}\"},\"query-input\":{\"@type\":\"PropertyValueSpecification\",\"valueRequired\":true,\"valueName\":\"search_term_string\"}}],\"inLanguage\":\"es\"},{\"@type\":\"Organization\",\"@id\":\"https:\\\/\\\/zehfys.com\\\/#organization\",\"name\":\"zehfy\",\"url\":\"https:\\\/\\\/zehfys.com\\\/\",\"logo\":{\"@type\":\"ImageObject\",\"inLanguage\":\"es\",\"@id\":\"https:\\\/\\\/zehfys.com\\\/#\\\/schema\\\/logo\\\/image\\\/\",\"url\":\"https:\\\/\\\/zehfys.com\\\/wp-content\\\/uploads\\\/2023\\\/08\\\/Recurso-51110.png\",\"contentUrl\":\"https:\\\/\\\/zehfys.com\\\/wp-content\\\/uploads\\\/2023\\\/08\\\/Recurso-51110.png\",\"width\":2822,\"height\":1229,\"caption\":\"zehfy\"},\"image\":{\"@id\":\"https:\\\/\\\/zehfys.com\\\/#\\\/schema\\\/logo\\\/image\\\/\"}}]}<\/script>\n<!-- \/ Yoast SEO plugin. -->","yoast_head_json":{"title":"Contacto | zehfys.com","robots":{"index":"index","follow":"follow","max-snippet":"max-snippet:-1","max-image-preview":"max-image-preview:large","max-video-preview":"max-video-preview:-1"},"canonical":"https:\/\/zehfys.com\/index.php\/contacto\/","og_locale":"es_ES","og_type":"article","og_title":"Contacto | zehfys.com","og_description":"Hablemos&nbsp; Queremos escuchar para ofrecerte un servicio personalizado y dedicado. Sabemos c\u00f3mo podemos ayudarte a ampliar tus perspectivas, cristalizar los objetivos y ofrecerte nuestra interpretaci\u00f3n estrat\u00e9gica para trazar el plan a seguir para logar los objetivos.","og_url":"https:\/\/zehfys.com\/index.php\/contacto\/","og_site_name":"zehfys.com","article_modified_time":"2026-02-24T14:32:38+00:00","twitter_card":"summary_large_image","schema":{"@context":"https:\/\/schema.org","@graph":[{"@type":"WebPage","@id":"https:\/\/zehfys.com\/index.php\/contacto\/","url":"https:\/\/zehfys.com\/index.php\/contacto\/","name":"Contacto | zehfys.com","isPartOf":{"@id":"https:\/\/zehfys.com\/#website"},"datePublished":"2023-09-15T01:18:09+00:00","dateModified":"2026-02-24T14:32:38+00:00","breadcrumb":{"@id":"https:\/\/zehfys.com\/index.php\/contacto\/#breadcrumb"},"inLanguage":"es","potentialAction":[{"@type":"ReadAction","target":["https:\/\/zehfys.com\/index.php\/contacto\/"]}]},{"@type":"BreadcrumbList","@id":"https:\/\/zehfys.com\/index.php\/contacto\/#breadcrumb","itemListElement":[{"@type":"ListItem","position":1,"name":"Portada","item":"https:\/\/zehfys.com\/"},{"@type":"ListItem","position":2,"name":"Contacto"}]},{"@type":"WebSite","@id":"https:\/\/zehfys.com\/#website","url":"https:\/\/zehfys.com\/","name":"zehfys.com","description":"Transformamos negocios a las plataformas digitales","publisher":{"@id":"https:\/\/zehfys.com\/#organization"},"alternateName":"Negocios y marketing digital","potentialAction":[{"@type":"SearchAction","target":{"@type":"EntryPoint","urlTemplate":"https:\/\/zehfys.com\/?s={search_term_string}"},"query-input":{"@type":"PropertyValueSpecification","valueRequired":true,"valueName":"search_term_string"}}],"inLanguage":"es"},{"@type":"Organization","@id":"https:\/\/zehfys.com\/#organization","name":"zehfy","url":"https:\/\/zehfys.com\/","logo":{"@type":"ImageObject","inLanguage":"es","@id":"https:\/\/zehfys.com\/#\/schema\/logo\/image\/","url":"https:\/\/zehfys.com\/wp-content\/uploads\/2023\/08\/Recurso-51110.png","contentUrl":"https:\/\/zehfys.com\/wp-content\/uploads\/2023\/08\/Recurso-51110.png","width":2822,"height":1229,"caption":"zehfy"},"image":{"@id":"https:\/\/zehfys.com\/#\/schema\/logo\/image\/"}}]}},"_links":{"self":[{"href":"https:\/\/zehfys.com\/index.php\/wp-json\/wp\/v2\/pages\/154","targetHints":{"allow":["GET"]}}],"collection":[{"href":"https:\/\/zehfys.com\/index.php\/wp-json\/wp\/v2\/pages"}],"about":[{"href":"https:\/\/zehfys.com\/index.php\/wp-json\/wp\/v2\/types\/page"}],"author":[{"embeddable":true,"href":"https:\/\/zehfys.com\/index.php\/wp-json\/wp\/v2\/users\/1"}],"replies":[{"embeddable":true,"href":"https:\/\/zehfys.com\/index.php\/wp-json\/wp\/v2\/comments?post=154"}],"version-history":[{"count":1,"href":"https:\/\/zehfys.com\/index.php\/wp-json\/wp\/v2\/pages\/154\/revisions"}],"predecessor-version":[{"id":244512,"href":"https:\/\/zehfys.com\/index.php\/wp-json\/wp\/v2\/pages\/154\/revisions\/244512"}],"wp:attachment":[{"href":"https:\/\/zehfys.com\/index.php\/wp-json\/wp\/v2\/media?parent=154"}],"curies":[{"name":"wp","href":"https:\/\/api.w.org\/{rel}","templated":true}]}}