{"id":340,"date":"2023-09-22T05:16:10","date_gmt":"2023-09-22T03:16:10","guid":{"rendered":"https:\/\/zehfys.com\/?page_id=340"},"modified":"2023-09-29T00:04:36","modified_gmt":"2023-09-28T22:04:36","slug":"servicios","status":"publish","type":"page","link":"https:\/\/zehfys.com\/index.php\/servicios\/","title":{"rendered":"Servicios"},"content":{"rendered":"<p>[et_pb_section fb_built=\u00bb1&#8243; _builder_version=\u00bb4.22.2&#8243; _module_preset=\u00bbdefault\u00bb global_colors_info=\u00bb{}\u00bb][et_pb_row _builder_version=\u00bb4.22.2&#8243; _module_preset=\u00bbdefault\u00bb global_colors_info=\u00bb{}\u00bb][et_pb_column type=\u00bb4_4&#8243; _builder_version=\u00bb4.22.2&#8243; _module_preset=\u00bbdefault\u00bb global_colors_info=\u00bb{}\u00bb][dvmd_simple_heading content_heading=\u00bbDesarrollamos conceptos de negocios.\u00bb content_subheading=\u00bbDescripci\u00f3n y precio de cada paquete web.\u00bb _builder_version=\u00bb4.22.2&#8243; _module_preset=\u00bbdefault\u00bb hover_enabled=\u00bb0&#8243; global_colors_info=\u00bb{}\u00bb sticky_enabled=\u00bb0&#8243;][\/dvmd_simple_heading][\/et_pb_column][\/et_pb_row][et_pb_row _builder_version=\u00bb4.22.1&#8243; _module_preset=\u00bbdefault\u00bb global_colors_info=\u00bb{}\u00bb][et_pb_column type=\u00bb4_4&#8243; _builder_version=\u00bb4.22.1&#8243; _module_preset=\u00bbdefault\u00bb global_colors_info=\u00bb{}\u00bb][et_pb_pricing_tables show_bullet=\u00bboff\u00bb featured_table_bullet_color=\u00bbRGBA(255,255,255,0)\u00bb _builder_version=\u00bb4.22.1&#8243; _module_preset=\u00bbdefault\u00bb body_line_height=\u00bb1.3em\u00bb custom_button=\u00bbon\u00bb button_text_color=\u00bb#000000&#8243; global_colors_info=\u00bb{}\u00bb][et_pb_pricing_table featured=\u00bbon\u00bb title=\u00bbLand Page\u00bb subtitle=\u00bbWeb autogestionable\u00bb currency=\u00bbEU\u00bb sum=\u00bb700&#8243; button_url=\u00bbhttps:\/\/zehfys.com\/index.php\/contacto\/\u00bb button_text=\u00bbHablemos\u00bb bullet_color=\u00bbRGBA(255,255,255,0)\u00bb _builder_version=\u00bb4.22.1&#8243; _module_preset=\u00bbdefault\u00bb body_line_height=\u00bb1.4em\u00bb subheader_line_height=\u00bb1em\u00bb custom_button=\u00bbon\u00bb global_colors_info=\u00bb{}\u00bb sticky_transition=\u00bbon\u00bb]<\/p>\n<p><strong>Orientada a <\/strong><\/p>\n<p><span>Start Ups, PYMES, eventos, p\u00e1ginas de ventas, p\u00e1ginas de productos, p\u00e1ginas para freelancer, peque\u00f1as empresas, ONGs.<\/span><\/p>\n<p><strong>Hostin y dominio:<\/strong><\/p>\n<p><span>Hosting SSL y Dominio GRATIS el primer A\u00f1o ( ciertas condiciones aplican). 1 direcci\u00f3n de correo.<br \/><\/span><\/p>\n<p><span><\/span><strong>Responsive para dispositivos m\u00f3biles, tables y PC.<\/strong><\/p>\n<p><strong>Capacitaci\u00f3n y asesor\u00eda.<\/strong><\/p>\n<p><strong>Posicionamiento SEO<\/strong><\/p>\n<p>SEO on page, optimizaci\u00f3n para buscadores.<\/p>\n<p>[\/et_pb_pricing_table][et_pb_pricing_table title=\u00bbLanding Portafolio\u00bb subtitle=\u00bbWeb autogestionable\u00bb currency=\u00bbEU\u00bb sum=\u00bb900&#8243; button_url=\u00bbhttps:\/\/zehfys.com\/index.php\/contacto\/\u00bb button_text=\u00bbHablemos\u00bb bullet_color=\u00bbRGBA(255,255,255,0)\u00bb _builder_version=\u00bb4.22.1&#8243; _module_preset=\u00bbdefault\u00bb body_line_height=\u00bb1.4em\u00bb global_colors_info=\u00bb{}\u00bb sticky_transition=\u00bbon\u00bb]<\/p>\n<p><strong>Orientada a <\/strong><\/p>\n<p><span>Start Ups, PYMES, eventos, p\u00e1ginas de ventas, p\u00e1ginas de productos, p\u00e1ginas para freelancer, peque\u00f1as empresas.<\/span><\/p>\n<p><strong>Galer\u00eda de imagenes y video<\/strong><\/p>\n<p>Carrusel del imagenes ideal para profesionales independientes.<\/p>\n<p><strong>Hostin y dominio:<\/strong><\/p>\n<p><span>Hosting SSL y Dominio GRATIS el primer A\u00f1o ( ciertas condiciones aplican). 1 direcci\u00f3n de correo.<br \/><\/span><\/p>\n<p><span><\/span><strong>Responsive para dispositivos m\u00f3biles, tables y PC.<\/strong><\/p>\n<p><strong>Capacitaci\u00f3n y asesor\u00eda.<\/strong><\/p>\n<p><strong>Posicionamiento SEO<\/strong><\/p>\n<p>SEO on page, optimizaci\u00f3n para buscadores<\/p>\n<p>[\/et_pb_pricing_table][et_pb_pricing_table featured=\u00bbon\u00bb title=\u00bbWeb Corporativa\u00bb subtitle=\u00bbAutogestionable\u00bb currency=\u00bbEU\u00bb sum=\u00bb1350&#8243; button_url=\u00bbhttps:\/\/zehfys.com\/index.php\/contacto\/\u00bb button_text=\u00bbHablemos\u00bb bullet_color=\u00bbRGBA(255,255,255,0)\u00bb _builder_version=\u00bb4.22.1&#8243; _module_preset=\u00bbdefault\u00bb body_line_height=\u00bb1.2em\u00bb subheader_line_height=\u00bb1em\u00bb excluded_line_height=\u00bb1.3em\u00bb global_colors_info=\u00bb{}\u00bb sticky_transition=\u00bbon\u00bb]<\/p>\n<p><span><strong>Orientada a<\/strong><\/span><\/p>\n<p><span>Empresas establecidas.<\/span><\/p>\n<p><span><strong>Secciones de la web<\/strong><\/span><\/p>\n<p>inicio, nosotros, servicio, contacto, blog.<\/p>\n<p><span><strong>Galer\u00eda de im\u00e1genes y video<\/strong><\/span><\/p>\n<p><span><strong>Hosting y dominio:<\/strong><\/span><\/p>\n<p><span>Hosting SSL y Dominio GRATIS el primer A\u00f1o ( ciertas condiciones aplican). Varias direcciones de correo.<\/span><span><\/span><\/p>\n<p><span><strong>Responsive para dispositivos m\u00f3biles, tables y PC.<\/strong><\/span><\/p>\n<p><span><strong>Capacitaci\u00f3n y asesor\u00eda.<\/strong><\/span><\/p>\n<p><span><strong>Posicionamiento SEO<\/strong><\/span><\/p>\n<p><span>SEO on page, optimizaci\u00f3n para buscadores, mapa del sitio, geolocalizaci\u00f3n.<\/span><\/p>\n<p>[\/et_pb_pricing_table][\/et_pb_pricing_tables][et_pb_pricing_tables featured_table_bullet_color=\u00bbRGBA(255,255,255,0)\u00bb bullet_color=\u00bbRGBA(255,255,255,0)\u00bb _builder_version=\u00bb4.22.1&#8243; _module_preset=\u00bbdefault\u00bb body_line_height=\u00bb1.3em\u00bb global_colors_info=\u00bb{}\u00bb][et_pb_pricing_table featured=\u00bbon\u00bb title=\u00bbCorporativa\u00bb subtitle=\u00bbWeb autogestionable\u00bb currency=\u00bbEU\u00bb sum=\u00bb1500&#8243; button_url=\u00bbhttps:\/\/zehfys.com\/index.php\/contacto\/\u00bb button_text=\u00bbHablemos\u00bb bullet_color=\u00bbRGBA(255,255,255,0)\u00bb _builder_version=\u00bb4.22.1&#8243; _module_preset=\u00bbdefault\u00bb body_line_height=\u00bb1.4em\u00bb subheader_line_height=\u00bb1em\u00bb custom_button=\u00bbon\u00bb global_colors_info=\u00bb{}\u00bb sticky_transition=\u00bbon\u00bb]<\/p>\n<p><span><strong>Orientada a<\/strong><\/span><\/p>\n<p><span>\u00c1rea de t\u00e9cnolog\u00eda, energ\u00eda, agencias de marketing, log\u00edstica, distribuidoras, industria.<\/span><\/p>\n<p><strong>Estudio preliminar:<\/strong><\/p>\n<p><span>C\u00f3digo simb\u00f3lico y estudio de mercado.<\/span><\/p>\n<p><span><strong>Secciones de la web<\/strong><\/span><\/p>\n<p><span>Pueden ser: inicio, nosotros, servicio, contacto, blog.<\/span><\/p>\n<p><span><strong>Galer\u00eda de im\u00e1genes y video<\/strong><\/span><\/p>\n<p><span><strong>Hosting y dominio:<\/strong><\/span><\/p>\n<p><span>Hosting SSL y Dominio GRATIS el primer A\u00f1o ( ciertas condiciones aplican). Varias direcciones de correo.<\/span><\/p>\n<p><span><strong>Responsive para dispositivos m\u00f3biles, tables y PC.<\/strong><\/span><\/p>\n<p><span><strong>Capacitaci\u00f3n y asesor\u00eda.<\/strong><\/span><\/p>\n<p><span><strong>Posicionamiento SEO<\/strong><\/span><\/p>\n<p><span>SEO on page, optimizaci\u00f3n para buscadores, mapa del sitio, geolocalizaci\u00f3n.<\/span><\/p>\n<p>[\/et_pb_pricing_table][et_pb_pricing_table title=\u00bbTienda online\u00bb subtitle=\u00bbWeb autogestionable\u00bb currency=\u00bbEU\u00bb sum=\u00bb2000&#8243; button_url=\u00bbhttps:\/\/zehfys.com\/index.php\/contacto\/\u00bb button_text=\u00bbHablemos\u00bb bullet_color=\u00bbRGBA(255,255,255,0)\u00bb _builder_version=\u00bb4.22.1&#8243; _module_preset=\u00bbdefault\u00bb body_line_height=\u00bb1.4em\u00bb global_colors_info=\u00bb{}\u00bb sticky_transition=\u00bbon\u00bb]<\/p>\n<p><span><strong>Orientada a<\/strong><\/span><\/p>\n<p><span>Sector comercio, mayoristas, producci\u00f3n, tiendas, inmobiliarias, hoteles.<\/span><\/p>\n<p><span><strong>Tienda online<\/strong><\/span><\/p>\n<p>Woocommerce, productos, categor\u00edas, carrito de compras, pagos online, reservas, cat\u00e1logos de productos, carga de productos a la web<\/p>\n<p><span><strong>Estudio preliminar:<\/strong><\/span><\/p>\n<p><span>C\u00f3digo simb\u00f3lico y estudio de mercado.<\/span><\/p>\n<p><span><strong>Secciones de la web<\/strong><\/span><\/p>\n<p><span>Pueden ser: contacto, blog.<\/span><\/p>\n<p><span><strong>Galer\u00eda de im\u00e1genes y video<\/strong><\/span><\/p>\n<p><span><strong>Hosting y dominio:<\/strong><\/span><\/p>\n<p><span>Hosting SSL y Dominio GRATIS el primer A\u00f1o ( ciertas condiciones aplican). Varias direcciones de correo.<\/span><\/p>\n<p><span><strong>Responsive para dispositivos m\u00f3biles, tables y PC.<\/strong><\/span><\/p>\n<p><span><strong>Capacitaci\u00f3n y asesor\u00eda.<\/strong><\/span><\/p>\n<p><span><strong>Posicionamiento SEO<\/strong><\/span><\/p>\n<p><span>SEO on page, optimizaci\u00f3n para buscadores, mapa del sitio, geolocalizaci\u00f3n.<\/span><\/p>\n<p>[\/et_pb_pricing_table][et_pb_pricing_table featured=\u00bbon\u00bb title=\u00bbMagazine Online\u00bb subtitle=\u00bbAutogestionable\u00bb currency=\u00bbEU\u00bb sum=\u00bb1400&#8243; button_url=\u00bbhttps:\/\/zehfys.com\/index.php\/contacto\/\u00bb button_text=\u00bbHablemos\u00bb bullet_color=\u00bbRGBA(255,255,255,0)\u00bb _builder_version=\u00bb4.22.1&#8243; _module_preset=\u00bbdefault\u00bb body_line_height=\u00bb1.4em\u00bb subheader_line_height=\u00bb1em\u00bb excluded_line_height=\u00bb1.3em\u00bb global_colors_info=\u00bb{}\u00bb sticky_transition=\u00bbon\u00bb]<\/p>\n<p><span><strong>Orientada a<\/strong><\/span><\/p>\n<p><span>Empresas de comunicaci\u00f3n social, noticieros, estaciones de televisi\u00f3n, magazine de decoraci\u00f3n, revistas especializadas.<\/span><\/p>\n<p><span><strong>Secciones de la web<\/strong><\/span><\/p>\n<p>Portada, 4 secciones de noticas y cont\u00e1cto.\u00a0<\/p>\n<p><span><strong>Galer\u00eda de im\u00e1genes y video<\/strong><\/span><\/p>\n<p><span>Carrusel del im\u00e1genes.<\/span><\/p>\n<p><span><strong>Hosting y dominio:<\/strong><\/span><\/p>\n<p><span>Hosting SSL y Dominio GRATIS el primer A\u00f1o ( ciertas condiciones aplican). Varias direcciones de correo.<\/span><span><\/span><\/p>\n<p><span><strong>Responsive para dispositivos m\u00f3biles, tables y PC.<\/strong><\/span><\/p>\n<p><span><strong>Capacitaci\u00f3n y asesor\u00eda.<\/strong><\/span><\/p>\n<p>Puede incluir blog.<\/p>\n<p><span><strong>Posicionamiento SEO<\/strong><\/span><\/p>\n<p><span>SEO on page, optimizaci\u00f3n para buscadores, mapa del sitio, geolocalizaci\u00f3n.<\/span><\/p>\n<p>[\/et_pb_pricing_table][\/et_pb_pricing_tables][\/et_pb_column][\/et_pb_row][\/et_pb_section]<\/p>\n","protected":false},"excerpt":{"rendered":"<p><div class=\"et_pb_module dvmd_simple_heading dvmd_simple_heading_0 dvmd_sh_version_3_0_1\">\n\t\t\t\t\n\t\t\t\t\n\t\t\t\t\n\t\t\t\t\n\t\t\t\t\n\t\t\t\t\n\t\t\t\t<div class=\"et_pb_module_inner\">\n\t\t\t\t\t<h2 class=\"dvmd_simple_heading_heading\">Desarrollamos conceptos de negocios.<\/h2><div class=\"dvmd_simple_heading_spacing\"><span class=\"dvmd_simple_heading_rule\"><\/span><\/div><h4 class=\"dvmd_simple_heading_subheading\">Descripci\u00f3n y precio de cada paquete web.<\/h4>\n\t\t\t\t<\/div>\n\t\t\t<\/div>Orientada a Start Ups, PYMES, eventos, p\u00e1ginas de ventas, p\u00e1ginas de productos, p\u00e1ginas para freelancer, peque\u00f1as empresas, ONGs. Hostin y dominio: Hosting SSL y Dominio GRATIS el primer A\u00f1o ( ciertas condiciones aplican). 1 direcci\u00f3n de correo. Responsive para [&hellip;]<\/p>\n","protected":false},"author":1,"featured_media":0,"parent":0,"menu_order":0,"comment_status":"closed","ping_status":"closed","template":"","meta":{"_et_pb_use_builder":"on","_et_pb_old_content":"","_et_gb_content_width":"","footnotes":""},"class_list":["post-340","page","type-page","status-publish","hentry"],"yoast_head":"<!-- This site is optimized with the Yoast SEO plugin v27.4 - https:\/\/yoast.com\/product\/yoast-seo-wordpress\/ -->\n<title>Servicios | zehfys.com<\/title>\n<meta name=\"robots\" content=\"index, follow, max-snippet:-1, max-image-preview:large, max-video-preview:-1\" \/>\n<link rel=\"canonical\" href=\"https:\/\/zehfys.com\/index.php\/servicios\/\" \/>\n<meta property=\"og:locale\" content=\"es_ES\" \/>\n<meta property=\"og:type\" content=\"article\" \/>\n<meta property=\"og:title\" content=\"Servicios | zehfys.com\" \/>\n<meta property=\"og:description\" content=\"Orientada a Start Ups, PYMES, eventos, p\u00e1ginas de ventas, p\u00e1ginas de productos, p\u00e1ginas para freelancer, peque\u00f1as empresas, ONGs. Hostin y dominio: Hosting SSL y Dominio GRATIS el primer A\u00f1o ( ciertas condiciones aplican). 1 direcci\u00f3n de correo. Responsive para [&hellip;]\" \/>\n<meta property=\"og:url\" content=\"https:\/\/zehfys.com\/index.php\/servicios\/\" \/>\n<meta property=\"og:site_name\" content=\"zehfys.com\" \/>\n<meta property=\"article:modified_time\" content=\"2023-09-28T22:04:36+00:00\" \/>\n<meta name=\"twitter:card\" content=\"summary_large_image\" \/>\n<script type=\"application\/ld+json\" class=\"yoast-schema-graph\">{\"@context\":\"https:\\\/\\\/schema.org\",\"@graph\":[{\"@type\":\"WebPage\",\"@id\":\"https:\\\/\\\/zehfys.com\\\/index.php\\\/servicios\\\/\",\"url\":\"https:\\\/\\\/zehfys.com\\\/index.php\\\/servicios\\\/\",\"name\":\"Servicios | zehfys.com\",\"isPartOf\":{\"@id\":\"https:\\\/\\\/zehfys.com\\\/#website\"},\"datePublished\":\"2023-09-22T03:16:10+00:00\",\"dateModified\":\"2023-09-28T22:04:36+00:00\",\"breadcrumb\":{\"@id\":\"https:\\\/\\\/zehfys.com\\\/index.php\\\/servicios\\\/#breadcrumb\"},\"inLanguage\":\"es\",\"potentialAction\":[{\"@type\":\"ReadAction\",\"target\":[\"https:\\\/\\\/zehfys.com\\\/index.php\\\/servicios\\\/\"]}]},{\"@type\":\"BreadcrumbList\",\"@id\":\"https:\\\/\\\/zehfys.com\\\/index.php\\\/servicios\\\/#breadcrumb\",\"itemListElement\":[{\"@type\":\"ListItem\",\"position\":1,\"name\":\"Portada\",\"item\":\"https:\\\/\\\/zehfys.com\\\/\"},{\"@type\":\"ListItem\",\"position\":2,\"name\":\"Servicios\"}]},{\"@type\":\"WebSite\",\"@id\":\"https:\\\/\\\/zehfys.com\\\/#website\",\"url\":\"https:\\\/\\\/zehfys.com\\\/\",\"name\":\"zehfys.com\",\"description\":\"Transformamos negocios a las plataformas digitales\",\"publisher\":{\"@id\":\"https:\\\/\\\/zehfys.com\\\/#organization\"},\"alternateName\":\"Negocios y marketing digital\",\"potentialAction\":[{\"@type\":\"SearchAction\",\"target\":{\"@type\":\"EntryPoint\",\"urlTemplate\":\"https:\\\/\\\/zehfys.com\\\/?s={search_term_string}\"},\"query-input\":{\"@type\":\"PropertyValueSpecification\",\"valueRequired\":true,\"valueName\":\"search_term_string\"}}],\"inLanguage\":\"es\"},{\"@type\":\"Organization\",\"@id\":\"https:\\\/\\\/zehfys.com\\\/#organization\",\"name\":\"zehfy\",\"url\":\"https:\\\/\\\/zehfys.com\\\/\",\"logo\":{\"@type\":\"ImageObject\",\"inLanguage\":\"es\",\"@id\":\"https:\\\/\\\/zehfys.com\\\/#\\\/schema\\\/logo\\\/image\\\/\",\"url\":\"https:\\\/\\\/zehfys.com\\\/wp-content\\\/uploads\\\/2023\\\/08\\\/Recurso-51110.png\",\"contentUrl\":\"https:\\\/\\\/zehfys.com\\\/wp-content\\\/uploads\\\/2023\\\/08\\\/Recurso-51110.png\",\"width\":2822,\"height\":1229,\"caption\":\"zehfy\"},\"image\":{\"@id\":\"https:\\\/\\\/zehfys.com\\\/#\\\/schema\\\/logo\\\/image\\\/\"}}]}<\/script>\n<!-- \/ Yoast SEO plugin. -->","yoast_head_json":{"title":"Servicios | zehfys.com","robots":{"index":"index","follow":"follow","max-snippet":"max-snippet:-1","max-image-preview":"max-image-preview:large","max-video-preview":"max-video-preview:-1"},"canonical":"https:\/\/zehfys.com\/index.php\/servicios\/","og_locale":"es_ES","og_type":"article","og_title":"Servicios | zehfys.com","og_description":"Orientada a Start Ups, PYMES, eventos, p\u00e1ginas de ventas, p\u00e1ginas de productos, p\u00e1ginas para freelancer, peque\u00f1as empresas, ONGs. Hostin y dominio: Hosting SSL y Dominio GRATIS el primer A\u00f1o ( ciertas condiciones aplican). 1 direcci\u00f3n de correo. Responsive para [&hellip;]","og_url":"https:\/\/zehfys.com\/index.php\/servicios\/","og_site_name":"zehfys.com","article_modified_time":"2023-09-28T22:04:36+00:00","twitter_card":"summary_large_image","schema":{"@context":"https:\/\/schema.org","@graph":[{"@type":"WebPage","@id":"https:\/\/zehfys.com\/index.php\/servicios\/","url":"https:\/\/zehfys.com\/index.php\/servicios\/","name":"Servicios | zehfys.com","isPartOf":{"@id":"https:\/\/zehfys.com\/#website"},"datePublished":"2023-09-22T03:16:10+00:00","dateModified":"2023-09-28T22:04:36+00:00","breadcrumb":{"@id":"https:\/\/zehfys.com\/index.php\/servicios\/#breadcrumb"},"inLanguage":"es","potentialAction":[{"@type":"ReadAction","target":["https:\/\/zehfys.com\/index.php\/servicios\/"]}]},{"@type":"BreadcrumbList","@id":"https:\/\/zehfys.com\/index.php\/servicios\/#breadcrumb","itemListElement":[{"@type":"ListItem","position":1,"name":"Portada","item":"https:\/\/zehfys.com\/"},{"@type":"ListItem","position":2,"name":"Servicios"}]},{"@type":"WebSite","@id":"https:\/\/zehfys.com\/#website","url":"https:\/\/zehfys.com\/","name":"zehfys.com","description":"Transformamos negocios a las plataformas digitales","publisher":{"@id":"https:\/\/zehfys.com\/#organization"},"alternateName":"Negocios y marketing digital","potentialAction":[{"@type":"SearchAction","target":{"@type":"EntryPoint","urlTemplate":"https:\/\/zehfys.com\/?s={search_term_string}"},"query-input":{"@type":"PropertyValueSpecification","valueRequired":true,"valueName":"search_term_string"}}],"inLanguage":"es"},{"@type":"Organization","@id":"https:\/\/zehfys.com\/#organization","name":"zehfy","url":"https:\/\/zehfys.com\/","logo":{"@type":"ImageObject","inLanguage":"es","@id":"https:\/\/zehfys.com\/#\/schema\/logo\/image\/","url":"https:\/\/zehfys.com\/wp-content\/uploads\/2023\/08\/Recurso-51110.png","contentUrl":"https:\/\/zehfys.com\/wp-content\/uploads\/2023\/08\/Recurso-51110.png","width":2822,"height":1229,"caption":"zehfy"},"image":{"@id":"https:\/\/zehfys.com\/#\/schema\/logo\/image\/"}}]}},"_links":{"self":[{"href":"https:\/\/zehfys.com\/index.php\/wp-json\/wp\/v2\/pages\/340","targetHints":{"allow":["GET"]}}],"collection":[{"href":"https:\/\/zehfys.com\/index.php\/wp-json\/wp\/v2\/pages"}],"about":[{"href":"https:\/\/zehfys.com\/index.php\/wp-json\/wp\/v2\/types\/page"}],"author":[{"embeddable":true,"href":"https:\/\/zehfys.com\/index.php\/wp-json\/wp\/v2\/users\/1"}],"replies":[{"embeddable":true,"href":"https:\/\/zehfys.com\/index.php\/wp-json\/wp\/v2\/comments?post=340"}],"version-history":[{"count":0,"href":"https:\/\/zehfys.com\/index.php\/wp-json\/wp\/v2\/pages\/340\/revisions"}],"wp:attachment":[{"href":"https:\/\/zehfys.com\/index.php\/wp-json\/wp\/v2\/media?parent=340"}],"curies":[{"name":"wp","href":"https:\/\/api.w.org\/{rel}","templated":true}]}}